{"id":100,"date":"2025-12-02T10:18:27","date_gmt":"2025-12-02T10:18:27","guid":{"rendered":"https:\/\/preprod.centreculturelverbier.com\/?page_id=100"},"modified":"2025-12-26T11:25:25","modified_gmt":"2025-12-26T11:25:25","slug":"kengo-kuma","status":"publish","type":"page","link":"https:\/\/centreculturelverbier.com\/en\/kengo-kuma\/","title":{"rendered":"Kengo Kuma"},"content":{"rendered":"<div class=\"wp-block-cover alignfull is-light\"><img loading=\"lazy\" decoding=\"async\" width=\"1342\" height=\"300\" class=\"wp-block-cover__image-background wp-image-1178 size-full\" alt=\"\" src=\"https:\/\/centreculturelverbier.com\/wp-content\/uploads\/2025\/12\/Banner-Kengo-3.webp\" style=\"object-position:32% 49%\" data-object-fit=\"cover\" data-object-position=\"32% 49%\" srcset=\"https:\/\/centreculturelverbier.com\/wp-content\/uploads\/2025\/12\/Banner-Kengo-3.webp 1342w, https:\/\/centreculturelverbier.com\/wp-content\/uploads\/2025\/12\/Banner-Kengo-3-300x67.webp 300w, https:\/\/centreculturelverbier.com\/wp-content\/uploads\/2025\/12\/Banner-Kengo-3-150x34.webp 150w, https:\/\/centreculturelverbier.com\/wp-content\/uploads\/2025\/12\/Banner-Kengo-3-768x172.webp 768w, https:\/\/centreculturelverbier.com\/wp-content\/uploads\/2025\/12\/Banner-Kengo-3-18x4.webp 18w\" sizes=\"auto, (max-width: 1342px) 100vw, 1342px\" \/><span aria-hidden=\"true\" class=\"wp-block-cover__background has-custom-color-2-background-color has-background-dim-0 has-background-dim\"><\/span><div class=\"wp-block-cover__inner-container has-global-padding is-layout-constrained wp-block-cover-is-layout-constrained\">\n<p class=\"has-text-align-center has-large-font-size\"><\/p>\n<\/div><\/div>\n\n\n\n<h2 class=\"wp-block-heading\">KENGO KUMA<\/h2>\n\n\n\n<div class=\"wp-block-group has-global-padding is-layout-constrained wp-block-group-is-layout-constrained\" style=\"margin-top:0;margin-bottom:0;padding-top:var(--wp--preset--spacing--small);padding-bottom:var(--wp--preset--spacing--small)\">\n<div class=\"wp-block-columns is-layout-flex wp-container-core-columns-is-layout-b48ccd45 wp-block-columns-is-layout-flex\" style=\"padding-top:var(--wp--preset--spacing--small);padding-bottom:var(--wp--preset--spacing--small)\">\n<div class=\"wp-block-column is-layout-flow wp-container-core-column-is-layout-ce55f587 wp-block-column-is-layout-flow\" style=\"padding-top:0;padding-right:0;padding-bottom:0;padding-left:0\">\n<div class=\"wp-block-group is-vertical is-layout-flex wp-container-core-group-is-layout-c31064c0 wp-block-group-is-layout-flex\" style=\"min-height:100%;padding-top:0;padding-right:0;padding-bottom:0;padding-left:0\">\n<p class=\"translation-block\">Kengo Kuma was born in 1954. He established Kengo Kuma &amp; Associates in 1990. He is currently a University Professor and Professor Emeritus at the University of Tokyo, as well as a member of the Japan Art Academy after teaching at Keio University and the University of Tokyo.\n<br>KKAA projects are currently underway in more than 50 countries. Kengo Kuma\u2019s architecture seeks to create new relationships between nature, technology, and human beings\n<br>His major publications include: <em>Kengo Kuma Onomatopoeia Architecture Grounding<\/em> (X-Knowledge), <em>Nihon no Kenchiku<\/em> (Architecture of Japan, Iwanami Shoten), <em>Zen Shigoto<\/em> (Kengo Kuma \u2013 the complete works, Daiwa Shobo), <em>Ten Sen Men<\/em> (Point Line Plane, Iwanami Shoten), <em>Makeru Kenchiku<\/em> (Architecture of Defeat, Iwanami Shoten), <em>Shizen na Kenchiku<\/em> (Natural Architecture, Iwanami Shinsho), <em>Chii-sana Kenchiku<\/em> (Small Architecture, Iwanami Shinsho) and many others.<\/p>\n\n\n\n<div class=\"wp-block-buttons is-layout-flex wp-block-buttons-is-layout-flex\">\n<div class=\"wp-block-button btn-invert\"><a class=\"wp-block-button__link has-main-color has-base-background-color has-text-color has-background has-link-color has-border-color has-text-align-center wp-element-button\" href=\"https:\/\/kkaa.co.jp\/en\/project\/\" style=\"border-color:#000000;border-style:solid;border-width:1px;border-top-left-radius:0px;border-top-right-radius:0px;border-bottom-left-radius:0px;border-bottom-right-radius:0px\" target=\"_blank\" rel=\"noreferrer noopener\">VISIT HIS OFFICIAL WEBSITE<\/a><\/div>\n<\/div>\n<\/div>\n<\/div>\n<\/div>\n\n\n\n<figure class=\"wp-block-embed is-type-video is-provider-vimeo wp-block-embed-vimeo wp-embed-aspect-16-9 wp-has-aspect-ratio\"><div class=\"wp-block-embed__wrapper\">\n<iframe loading=\"lazy\" title=\"Kengo Kuma Pavillon\" src=\"https:\/\/player.vimeo.com\/video\/1142422316?dnt=1&amp;app_id=122963\" width=\"500\" height=\"281\" frameborder=\"0\" allow=\"autoplay; fullscreen; picture-in-picture; clipboard-write; encrypted-media; web-share\" referrerpolicy=\"strict-origin-when-cross-origin\"><\/iframe>\n<\/div><\/figure>\n<\/div>","protected":false},"excerpt":{"rendered":"<p>KENGO KUMA Kengo Kuma est n\u00e9 en 1954. Il a fond\u00e9 Kengo Kuma &amp; Associates en 1990. Il est actuellement professeur \u00e0 l\u2019Universit\u00e9 de Tokyo et professeur \u00e9m\u00e9rite \u00e0 l\u2019Universit\u00e9 de Tokyo, ainsi que membre de l\u2019Acad\u00e9mie des Arts du Japon, apr\u00e8s avoir enseign\u00e9 \u00e0 l\u2019Universit\u00e9 Keio et \u00e0 l\u2019Universit\u00e9 de Tokyo.Les projets de KKAA [&hellip;]<\/p>","protected":false},"author":1,"featured_media":0,"parent":0,"menu_order":0,"comment_status":"closed","ping_status":"closed","template":"page-no-title","meta":{"footnotes":""},"class_list":["post-100","page","type-page","status-publish","hentry"],"_links":{"self":[{"href":"https:\/\/centreculturelverbier.com\/en\/wp-json\/wp\/v2\/pages\/100","targetHints":{"allow":["GET"]}}],"collection":[{"href":"https:\/\/centreculturelverbier.com\/en\/wp-json\/wp\/v2\/pages"}],"about":[{"href":"https:\/\/centreculturelverbier.com\/en\/wp-json\/wp\/v2\/types\/page"}],"author":[{"embeddable":true,"href":"https:\/\/centreculturelverbier.com\/en\/wp-json\/wp\/v2\/users\/1"}],"replies":[{"embeddable":true,"href":"https:\/\/centreculturelverbier.com\/en\/wp-json\/wp\/v2\/comments?post=100"}],"version-history":[{"count":96,"href":"https:\/\/centreculturelverbier.com\/en\/wp-json\/wp\/v2\/pages\/100\/revisions"}],"predecessor-version":[{"id":1251,"href":"https:\/\/centreculturelverbier.com\/en\/wp-json\/wp\/v2\/pages\/100\/revisions\/1251"}],"wp:attachment":[{"href":"https:\/\/centreculturelverbier.com\/en\/wp-json\/wp\/v2\/media?parent=100"}],"curies":[{"name":"wp","href":"https:\/\/api.w.org\/{rel}","templated":true}]}}