{"id":569,"date":"2025-12-17T11:38:27","date_gmt":"2025-12-17T11:38:27","guid":{"rendered":"https:\/\/preprod.centreculturelverbier.com\/?page_id=569"},"modified":"2026-01-12T16:38:28","modified_gmt":"2026-01-12T16:38:28","slug":"mentions-legales","status":"publish","type":"page","link":"https:\/\/centreculturelverbier.com\/en\/mentions-legales\/","title":{"rendered":"Legal notice"},"content":{"rendered":"<h3 class=\"wp-block-heading\">Website publisher<\/h3>\n\n\n\n<p>This website is published by:<\/p>\n\n\n\n<p><strong>Fondation du Centre Culturel de Verbier<\/strong><br>Fondation inscrite au Registre du commerce du canton du Valais<br>Num\u00e9ro de registre IDE \/ CHE : <strong>CHE-245.858.339<\/strong><\/p>\n\n\n\n<p class=\"translation-block\"><strong>Registered office:<\/strong><br>\nVal de Bagnes, Switzerland<\/p>\n\n\n\n<p class=\"translation-block\"><strong>Adresse postale :<\/strong><br>Case postale 454<br>1936 Verbier<br>Suisse<\/p>\n\n\n\n<h3 class=\"wp-block-heading\">Publication manager<\/h3>\n\n\n\n<p>Fondation du Centre Culturel de Verbier<\/p>\n\n\n\n<h3 class=\"wp-block-heading\">Hosting<\/h3>\n\n\n\n<p>The website is hosted by Infomaniak, La Fresse, Switzerland.<\/p>\n\n\n\n<h3 class=\"wp-block-heading\">Intellectual property<\/h3>\n\n\n\n<p class=\"translation-block\">All content on this website (texts, images, graphics, logo) is protected by copyright.<br>\nAny reproduction, representation, or distribution, in whole or in part, without prior authorization is prohibited.<\/p>\n\n\n\n<h3 class=\"wp-block-heading\">Liability<\/h3>\n\n\n\n<p>La Fondation du Centre Culturel de Verbier s\u2019efforce d\u2019assurer l\u2019exactitude des informations diffus\u00e9es sur ce site.<br>Elle ne saurait toutefois \u00eatre tenue responsable des erreurs, omissions ou d\u2019une indisponibilit\u00e9 temporaire du site.<\/p>\n\n\n\n<h3 class=\"wp-block-heading\">Personal data<\/h3>\n\n\n\n<p class=\"translation-block\">This website collects personal data only to the extent strictly necessary for its operation.<br>\nNo personal data is shared with third parties.<\/p>\n\n\n\n<p><\/p>","protected":false},"excerpt":{"rendered":"<p>\u00c9diteur du site Le pr\u00e9sent site est \u00e9dit\u00e9 par : Fondation du Centre Culturel de VerbierFondation inscrite au Registre du commerce du canton du ValaisNum\u00e9ro de registre IDE \/ CHE : CHE-245.858.339 Si\u00e8ge :Val de Bagnes, Suisse Adresse postale :Case postale 4541936 VerbierSuisse Responsable de la publication Fondation du Centre Culturel de Verbier H\u00e9bergement Le [&hellip;]<\/p>","protected":false},"author":1,"featured_media":0,"parent":0,"menu_order":0,"comment_status":"closed","ping_status":"closed","template":"page-with-sidebar","meta":{"footnotes":""},"class_list":["post-569","page","type-page","status-publish","hentry"],"_links":{"self":[{"href":"https:\/\/centreculturelverbier.com\/en\/wp-json\/wp\/v2\/pages\/569","targetHints":{"allow":["GET"]}}],"collection":[{"href":"https:\/\/centreculturelverbier.com\/en\/wp-json\/wp\/v2\/pages"}],"about":[{"href":"https:\/\/centreculturelverbier.com\/en\/wp-json\/wp\/v2\/types\/page"}],"author":[{"embeddable":true,"href":"https:\/\/centreculturelverbier.com\/en\/wp-json\/wp\/v2\/users\/1"}],"replies":[{"embeddable":true,"href":"https:\/\/centreculturelverbier.com\/en\/wp-json\/wp\/v2\/comments?post=569"}],"version-history":[{"count":12,"href":"https:\/\/centreculturelverbier.com\/en\/wp-json\/wp\/v2\/pages\/569\/revisions"}],"predecessor-version":[{"id":1283,"href":"https:\/\/centreculturelverbier.com\/en\/wp-json\/wp\/v2\/pages\/569\/revisions\/1283"}],"wp:attachment":[{"href":"https:\/\/centreculturelverbier.com\/en\/wp-json\/wp\/v2\/media?parent=569"}],"curies":[{"name":"wp","href":"https:\/\/api.w.org\/{rel}","templated":true}]}}