{"id":697,"date":"2025-12-22T15:10:29","date_gmt":"2025-12-22T15:10:29","guid":{"rendered":"https:\/\/centreculturelverbier.com\/?page_id=697"},"modified":"2026-01-20T16:51:49","modified_gmt":"2026-01-20T16:51:49","slug":"manifesto","status":"publish","type":"page","link":"https:\/\/centreculturelverbier.com\/en\/manifesto\/","title":{"rendered":"MANIFESTO"},"content":{"rendered":"<div class=\"wp-block-cover alignfull is-light\"><img loading=\"lazy\" decoding=\"async\" width=\"2560\" height=\"1707\" class=\"wp-block-cover__image-background wp-image-1366 size-full\" alt=\"\" src=\"https:\/\/centreculturelverbier.com\/wp-content\/uploads\/2026\/01\/Combins__P6B5792\u00a9Nicolas-Brodard-scaled.webp\" data-object-fit=\"cover\" srcset=\"https:\/\/centreculturelverbier.com\/wp-content\/uploads\/2026\/01\/Combins__P6B5792\u00a9Nicolas-Brodard-scaled.webp 2560w, https:\/\/centreculturelverbier.com\/wp-content\/uploads\/2026\/01\/Combins__P6B5792\u00a9Nicolas-Brodard-300x200.webp 300w, https:\/\/centreculturelverbier.com\/wp-content\/uploads\/2026\/01\/Combins__P6B5792\u00a9Nicolas-Brodard-1536x1024.webp 1536w, https:\/\/centreculturelverbier.com\/wp-content\/uploads\/2026\/01\/Combins__P6B5792\u00a9Nicolas-Brodard-150x100.webp 150w, https:\/\/centreculturelverbier.com\/wp-content\/uploads\/2026\/01\/Combins__P6B5792\u00a9Nicolas-Brodard-768x512.webp 768w, https:\/\/centreculturelverbier.com\/wp-content\/uploads\/2026\/01\/Combins__P6B5792\u00a9Nicolas-Brodard-2048x1365.webp 2048w, https:\/\/centreculturelverbier.com\/wp-content\/uploads\/2026\/01\/Combins__P6B5792\u00a9Nicolas-Brodard-18x12.webp 18w\" sizes=\"auto, (max-width: 2560px) 100vw, 2560px\" \/><span aria-hidden=\"true\" class=\"wp-block-cover__background has-background-dim-0 has-background-dim\"><\/span><div class=\"wp-block-cover__inner-container is-layout-flow wp-block-cover-is-layout-flow\">\n<p class=\"has-text-align-center has-large-font-size\"><\/p>\n<\/div><\/div>\n\n\n\n<h2 class=\"wp-block-heading has-main-color has-text-color has-link-color wp-elements-ea69baee3bf26b81009abb9291953b20\">MANIFESTO<\/h2>\n\n\n\n<div class=\"wp-block-group is-layout-flow wp-block-group-is-layout-flow\" style=\"margin-top:0;margin-bottom:0;padding-top:var(--wp--preset--spacing--x-large);padding-bottom:var(--wp--preset--spacing--x-large)\">\n<div class=\"wp-block-columns is-layout-flex wp-container-core-columns-is-layout-190a76f8 wp-block-columns-is-layout-flex\">\n<div class=\"wp-block-column has-main-color has-text-color has-link-color wp-elements-3e865f61fc8a3087d783d57dfdada496 is-layout-flow wp-container-core-column-is-layout-8a368f38 wp-block-column-is-layout-flow\">\n<p class=\"has-medium-font-size\">Verbier is renowned for the beauty of its natural surroundings and the spirit of its inhabitants. Its history is marked by contrasts and boldness.<\/p>\n\n\n\n<div style=\"height:15px\" aria-hidden=\"true\" class=\"wp-block-spacer\"><\/div>\n\n\n\n<p class=\"has-medium-font-size\">Val de Bagnes aims to become an internationally recognized mountain destination, sustainable and active throughout all four seasons.<\/p>\n\n\n\n<div style=\"height:15px\" aria-hidden=\"true\" class=\"wp-block-spacer\"><\/div>\n\n\n\n<p>To achieve this goal, two core pillars have been defined: sport and culture.<\/p>\n\n\n\n<div style=\"height:15px\" aria-hidden=\"true\" class=\"wp-block-spacer\"><\/div>\n\n\n\n<p>This Cultural Center seeks to be open and generous to the residents of Val de Bagnes, while attracting an international audience passionate about this new artistic destination.<\/p>\n\n\n\n<div style=\"height:15px\" aria-hidden=\"true\" class=\"wp-block-spacer\"><\/div>\n\n\n\n<p>In a context of climate, demographic, and geopolitical changes, Art provides an essential response to the challenges facing our society. It helps build a better world for future generations.<\/p>\n\n\n\n<div style=\"height:15px\" aria-hidden=\"true\" class=\"wp-block-spacer\"><\/div>\n\n\n\n<p>Our ambition is to offer the community a place of excellence, connection, and knowledge sharing.<\/p>\n\n\n\n<div style=\"height:15px\" aria-hidden=\"true\" class=\"wp-block-spacer\"><\/div>\n\n\n\n<p>The Verbier Cultural Center will provide a year-round program of the highest quality, attentive to all forms of expression, open to both artists and audiences in all their diversity.<\/p>\n<\/div>\n\n\n\n<div class=\"wp-block-column has-main-color has-text-color has-link-color wp-elements-968dae115e8bf9934ab28807107dc5a5 is-layout-flow wp-container-core-column-is-layout-8a368f38 wp-block-column-is-layout-flow\">\n<p>The Foundation of the Verbier Cultural Center, recognized as a public utility, approaches this project with a long-term vision and will ensure its financial independence with rigor.<\/p>\n\n\n\n<div style=\"height:15px\" aria-hidden=\"true\" class=\"wp-block-spacer\"><\/div>\n\n\n\n<p>The Verbier Cultural Center will help sustain the attractiveness of the resort.<\/p>\n\n\n\n<div style=\"height:15px\" aria-hidden=\"true\" class=\"wp-block-spacer\"><\/div>\n\n\n\n<p>It will strengthen the exceptional qualities of an already unique destination through its beauty and its ability to reinvent itself. It will create positive economic and social impacts for the entire community.<\/p>\n\n\n\n<div style=\"height:15px\" aria-hidden=\"true\" class=\"wp-block-spacer\"><\/div>\n\n\n\n<p>This venue, respectful of its environment and Valais culture, is intended to enrich the lives of all residents and establish on the territory an inspiring and creative space in the service of the common good.<\/p>\n\n\n\n<div style=\"height:15px\" aria-hidden=\"true\" class=\"wp-block-spacer\"><\/div>\n\n\n\n<p>A Cultural Center for a positive society, with Art at the heart of everything we do.<\/p>\n<\/div>\n<\/div>\n<\/div>","protected":false},"excerpt":{"rendered":"<p>MANIFESTO Verbier est renomm\u00e9 pour la beaut\u00e9 de sa nature et l&rsquo;\u00e2me de ses habitants. Son histoire est faite de contrastes et d&rsquo;audaces. Val de Bagnes a pour ambition de devenir une r\u00e9f\u00e9rence internationale des destinations de montagne, durable et quatre saisons. Pour atteindre cet objectif, deux piliers structurants ont \u00e9t\u00e9 d\u00e9finis : le sport [&hellip;]<\/p>","protected":false},"author":3,"featured_media":0,"parent":0,"menu_order":0,"comment_status":"closed","ping_status":"closed","template":"","meta":{"footnotes":""},"class_list":["post-697","page","type-page","status-publish","hentry"],"_links":{"self":[{"href":"https:\/\/centreculturelverbier.com\/en\/wp-json\/wp\/v2\/pages\/697","targetHints":{"allow":["GET"]}}],"collection":[{"href":"https:\/\/centreculturelverbier.com\/en\/wp-json\/wp\/v2\/pages"}],"about":[{"href":"https:\/\/centreculturelverbier.com\/en\/wp-json\/wp\/v2\/types\/page"}],"author":[{"embeddable":true,"href":"https:\/\/centreculturelverbier.com\/en\/wp-json\/wp\/v2\/users\/3"}],"replies":[{"embeddable":true,"href":"https:\/\/centreculturelverbier.com\/en\/wp-json\/wp\/v2\/comments?post=697"}],"version-history":[{"count":35,"href":"https:\/\/centreculturelverbier.com\/en\/wp-json\/wp\/v2\/pages\/697\/revisions"}],"predecessor-version":[{"id":1367,"href":"https:\/\/centreculturelverbier.com\/en\/wp-json\/wp\/v2\/pages\/697\/revisions\/1367"}],"wp:attachment":[{"href":"https:\/\/centreculturelverbier.com\/en\/wp-json\/wp\/v2\/media?parent=697"}],"curies":[{"name":"wp","href":"https:\/\/api.w.org\/{rel}","templated":true}]}}